{"id":72,"date":"2022-01-31T19:19:39","date_gmt":"2022-01-31T18:19:39","guid":{"rendered":"http:\/\/www.rsmeuma2022.uma.es\/?page_id=72"},"modified":"2022-12-07T12:15:49","modified_gmt":"2022-12-07T11:15:49","slug":"conferenciantes-plenarios","status":"publish","type":"page","link":"http:\/\/www.rsmeuma2022.uma.es\/index.php\/conferenciantes-plenarios\/","title":{"rendered":"Conferenciantes plenarios"},"content":{"rendered":"\n<h1 class=\"wp-block-heading\" id=\"propuestos-por-la-uma\"><strong>Propuestos por la Uni\u00f3n Matem\u00e1tica Argentina<\/strong><\/h1>\n\n\n\n<figure class=\"wp-block-table\"><table><tbody><tr><td><strong>Graciela Boente<\/strong><br>Universidad de Buenos Aires y CONICET<\/td><td><a href=\"http:\/\/www.rsmeuma2022.uma.es\/wp-content\/uploads\/2022\/10\/Resumen-Boente.pdf\" target=\"_blank\" rel=\"noreferrer noopener\">Estimaci\u00f3n robusta de las curvas ROC condicionales<\/a><\/td><\/tr><tr><td><strong>Carlos Cabrelli<\/strong><br>Universidad de Buenos Aires e IMAS, UBA- CONICET<\/td><td><a href=\"http:\/\/www.rsmeuma2022.uma.es\/wp-content\/uploads\/2022\/12\/abstract_cabrelli.pdf\" target=\"_blank\" rel=\"noreferrer noopener\">Subespacios \u00d3ptimos<\/a><\/td><\/tr><tr><td><strong>Carlos Kenig<\/strong><br>Universidad de Chicago. Presidente de la IMU<\/td><td><a href=\"http:\/\/www.rsmeuma2022.uma.es\/wp-content\/uploads\/2022\/11\/Titulo-Kenig.pdf\" target=\"_blank\" rel=\"noreferrer noopener\">Resoluci\u00f3n en solitones y canales de energ\u00eda<\/a><\/td><\/tr><tr><td><strong>Sonia Natale<\/strong><br>Universidad Nacional de C\u00f3rdoba y CIEM-CONICET<\/td><td><a href=\"http:\/\/www.rsmeuma2022.uma.es\/wp-content\/uploads\/2022\/09\/Abstract-Sonia-Natale.pdf\" target=\"_blank\" rel=\"noreferrer noopener\">Categor\u00edas de fusi\u00f3n y el problema de su clasificaci\u00f3n<\/a><\/td><\/tr><\/tbody><\/table><\/figure>\n\n\n\n<h1 class=\"wp-block-heading\" id=\"propuestos-por-la-uma\"><strong>Propuestos por la Real Sociedad Matem\u00e1tica Espa\u00f1ola<\/strong><\/h1>\n\n\n\n<figure class=\"wp-block-table\"><table><tbody><tr><td><strong>Gemma Huguet<br><\/strong>Universitat Polit\u00e8cnica de Catalunya<\/td><td><a href=\"http:\/\/www.rsmeuma2022.uma.es\/wp-content\/uploads\/2022\/09\/rsme-uma-ghuguet.pdf\" target=\"_blank\" rel=\"noreferrer noopener\">Din\u00e1mica Oscilatoria en Modelos Matem\u00e1ticos de Neurociencia<\/a><\/td><\/tr><tr><td><strong>Rosa E. Lillo<br><\/strong>Universidad Carlos III de Madrid<\/td><td><a href=\"http:\/\/www.rsmeuma2022.uma.es\/wp-content\/uploads\/2022\/09\/Rosa-E.-Lillo.-Ronda-Abstract.pdf\" target=\"_blank\" rel=\"noreferrer noopener\">Detecci\u00f3n de at\u00ed\u00adpicos para datos funcionales masivos<\/a><\/td><\/tr><tr><td><strong>Elvira Mayordomo<br><\/strong>Universidad de Zaragoza<\/td><td><a href=\"http:\/\/www.rsmeuma2022.uma.es\/wp-content\/uploads\/2022\/10\/RSME-UMA-Mayordomo.pdf\">Los principios de punto a conjunto: un viaje desde la teor\u00eda de la informaci\u00f3n algor\u00edtmica a la teor\u00eda de la medida geom\u00e9trica<\/a><\/td><\/tr><tr><td><strong>Jos\u00e9 \u00c1ngel Pel\u00e1ez<br><\/strong>Universidad de M\u00e1laga<\/td><td><a rel=\"noreferrer noopener\" href=\"http:\/\/www.rsmeuma2022.uma.es\/wp-content\/uploads\/2022\/05\/Pelaez-AbsRSMEUMA2022.pdf\" target=\"_blank\">Palabras de paraproductos anal\u00edticos<\/a><\/td><\/tr><tr><td><strong>Francisco Santos Leal<br><\/strong>Universidad de Cantabria<\/td><td><a href=\"http:\/\/www.rsmeuma2022.uma.es\/wp-content\/uploads\/2022\/10\/RSME-UMA22-Santos.pdf\">Classification and width of (hollow) lattice polytopes<\/a><\/td><\/tr><tr><td><strong>Pedro Tradacete<br><\/strong>Instituto de Ciencias Matem\u00e1ticas (ICMAT)<\/td><td><a rel=\"noreferrer noopener\" href=\"http:\/\/www.rsmeuma2022.uma.es\/wp-content\/uploads\/2022\/05\/Tradacete-AbsRSMEUMA2022.pdf\" target=\"_blank\">Ret\u00edculos de Banach, o c\u00f3mo tener orden puede cambiarlo todo<\/a><\/td><\/tr><\/tbody><\/table><\/figure>\n","protected":false},"excerpt":{"rendered":"<p>Propuestos por la Uni\u00f3n Matem\u00e1tica Argentina Graciela BoenteUniversidad de Buenos Aires y CONICET Estimaci\u00f3n robusta de las curvas ROC condicionales Carlos CabrelliUniversidad de Buenos Aires e IMAS, UBA- CONICET Subespacios \u00d3ptimos Carlos KenigUniversidad de Chicago. Presidente de la IMU Resoluci\u00f3n en solitones y canales de energ\u00eda Sonia NataleUniversidad Nacional de C\u00f3rdoba y CIEM-CONICET Categor\u00edas de &hellip; <\/p>\n<p class=\"link-more\"><a href=\"http:\/\/www.rsmeuma2022.uma.es\/index.php\/conferenciantes-plenarios\/\" class=\"more-link\">Continue reading<span class=\"screen-reader-text\"> &#8220;Conferenciantes plenarios&#8221;<\/span><\/a><\/p>\n","protected":false},"author":2,"featured_media":0,"parent":0,"menu_order":0,"comment_status":"closed","ping_status":"closed","template":"","meta":{"footnotes":""},"class_list":["post-72","page","type-page","status-publish","hentry"],"_links":{"self":[{"href":"http:\/\/www.rsmeuma2022.uma.es\/index.php\/wp-json\/wp\/v2\/pages\/72","targetHints":{"allow":["GET"]}}],"collection":[{"href":"http:\/\/www.rsmeuma2022.uma.es\/index.php\/wp-json\/wp\/v2\/pages"}],"about":[{"href":"http:\/\/www.rsmeuma2022.uma.es\/index.php\/wp-json\/wp\/v2\/types\/page"}],"author":[{"embeddable":true,"href":"http:\/\/www.rsmeuma2022.uma.es\/index.php\/wp-json\/wp\/v2\/users\/2"}],"replies":[{"embeddable":true,"href":"http:\/\/www.rsmeuma2022.uma.es\/index.php\/wp-json\/wp\/v2\/comments?post=72"}],"version-history":[{"count":25,"href":"http:\/\/www.rsmeuma2022.uma.es\/index.php\/wp-json\/wp\/v2\/pages\/72\/revisions"}],"predecessor-version":[{"id":458,"href":"http:\/\/www.rsmeuma2022.uma.es\/index.php\/wp-json\/wp\/v2\/pages\/72\/revisions\/458"}],"wp:attachment":[{"href":"http:\/\/www.rsmeuma2022.uma.es\/index.php\/wp-json\/wp\/v2\/media?parent=72"}],"curies":[{"name":"wp","href":"https:\/\/api.w.org\/{rel}","templated":true}]}}