{"id":6,"date":"2021-11-30T15:15:55","date_gmt":"2021-11-30T15:15:55","guid":{"rendered":"http:\/\/www.rsmeuma2022.uma.es\/?page_id=6"},"modified":"2022-12-15T17:05:05","modified_gmt":"2022-12-15T16:05:05","slug":"home","status":"publish","type":"page","link":"http:\/\/www.rsmeuma2022.uma.es\/","title":{"rendered":"Principal"},"content":{"rendered":"\n<figure class=\"wp-block-image is-resized\"><img loading=\"lazy\" decoding=\"async\" src=\"http:\/\/www.rsmeuma2022.uma.es\/wp-content\/uploads\/2021\/12\/LogoRSMEcuadradoYNombre-1024x276.png\" alt=\"\" class=\"wp-image-47\" width=\"635\" height=\"170\" srcset=\"http:\/\/www.rsmeuma2022.uma.es\/wp-content\/uploads\/2021\/12\/LogoRSMEcuadradoYNombre-1024x276.png 1024w, http:\/\/www.rsmeuma2022.uma.es\/wp-content\/uploads\/2021\/12\/LogoRSMEcuadradoYNombre-300x81.png 300w, http:\/\/www.rsmeuma2022.uma.es\/wp-content\/uploads\/2021\/12\/LogoRSMEcuadradoYNombre-768x207.png 768w, http:\/\/www.rsmeuma2022.uma.es\/wp-content\/uploads\/2021\/12\/LogoRSMEcuadradoYNombre-1536x414.png 1536w, http:\/\/www.rsmeuma2022.uma.es\/wp-content\/uploads\/2021\/12\/LogoRSMEcuadradoYNombre-2048x552.png 2048w\" sizes=\"auto, (max-width: 635px) 100vw, 635px\" \/><\/figure>\n\n\n\n<h1 class=\"wp-block-heading\"><strong>\u00daltimas noticias<\/strong><\/h1>\n\n\n\n<p><\/p>\n\n\n\n<figure class=\"wp-block-table is-style-stripes\"><table><tbody><tr><td>15 de diciembre<\/td><td><a href=\"http:\/\/www.rsmeuma2022.uma.es\/index.php\/sede\/#transporte\">Autobuses de regreso<\/a><\/td><\/tr><tr><td>15 de diciembre<\/td><td><a href=\"http:\/\/www.rsmeuma2022.uma.es\/index.php\/galeria\/\">Galer\u00eda de fotos<\/a><\/td><\/tr><tr><td>7 de diciembre<\/td><td><a href=\"http:\/\/www.rsmeuma2022.uma.es\/index.php\/actividades-sociales\/\">Actividades sociales<\/a><\/td><\/tr><tr><td>4 de mayo<\/td><td>Abierta la <a href=\"http:\/\/www.rsmeuma2022.uma.es\/index.php\/inscripcion\/\">inscripci\u00f3n<\/a><\/td><\/tr><tr><td>3 de marzo<\/td><td>Abierta la <a href=\"http:\/\/www.rsmeuma2022.uma.es\/index.php\/sesiones-especiales\/\">propuesta de sesiones especiales<\/a><\/td><\/tr><tr><td>7 de enero<\/td><td>P\u00e1gina web del <a href=\"http:\/\/www.rsmeuma2022.uma.es\/\">Encuentro<\/a><\/td><\/tr><\/tbody><\/table><\/figure>\n\n\n\n<p>Entre los d\u00edas 12 y 16 de diciembre de 2022 se celebrar\u00e1 el segundo encuentro conjunto entre la <a rel=\"noreferrer noopener\" href=\"https:\/\/www.rsme.es\/\" target=\"_blank\">Real Sociedad Matem\u00e1tica Espa\u00f1ola<\/a> (RSME) y la <a rel=\"noreferrer noopener\" href=\"http:\/\/www.union-matematica.org.ar\/\" target=\"_blank\">Uni\u00f3n Matem\u00e1tica Argentina<\/a> (UMA) en la localidad de Ronda, M\u00e1laga. Se espera que m\u00e1s de doscientos investigadores e investigadoras tanto de Argentina como de Espa\u00f1a acudan al evento para impartir conferencias de su especialidad ante colegas de ambas orillas del Atl\u00e1ntico.<\/p>\n\n\n\n<h1 class=\"wp-block-heading\" id=\"patrocinadores\"><strong>Patrocinadores<\/strong><\/h1>\n\n\n\n<figure class=\"wp-block-table\"><table><tbody><tr><td class=\"has-text-align-center\" data-align=\"center\"><a href=\"https:\/\/www.unicajabanco.es\/\" target=\"_blank\" rel=\"noreferrer noopener\"><img loading=\"lazy\" decoding=\"async\" width=\"300\" height=\"279\" class=\"wp-image-119\" style=\"width: 300px;\" src=\"http:\/\/www.rsmeuma2022.uma.es\/wp-content\/uploads\/2022\/02\/02-Unicaja-Banco-Vertical--scaled.jpg\" alt=\"\" srcset=\"http:\/\/www.rsmeuma2022.uma.es\/wp-content\/uploads\/2022\/02\/02-Unicaja-Banco-Vertical--scaled.jpg 2560w, http:\/\/www.rsmeuma2022.uma.es\/wp-content\/uploads\/2022\/02\/02-Unicaja-Banco-Vertical--300x279.jpg 300w, http:\/\/www.rsmeuma2022.uma.es\/wp-content\/uploads\/2022\/02\/02-Unicaja-Banco-Vertical--1024x951.jpg 1024w, http:\/\/www.rsmeuma2022.uma.es\/wp-content\/uploads\/2022\/02\/02-Unicaja-Banco-Vertical--768x714.jpg 768w, http:\/\/www.rsmeuma2022.uma.es\/wp-content\/uploads\/2022\/02\/02-Unicaja-Banco-Vertical--1536x1427.jpg 1536w, http:\/\/www.rsmeuma2022.uma.es\/wp-content\/uploads\/2022\/02\/02-Unicaja-Banco-Vertical--2048x1903.jpg 2048w\" sizes=\"auto, (max-width: 300px) 100vw, 300px\" \/><\/a><\/td><td class=\"has-text-align-center\" data-align=\"center\"><strong>Unicaja Banco<\/strong><\/td><\/tr><tr><td class=\"has-text-align-center\" data-align=\"center\"><a href=\"https:\/\/www.uma.es\/\" target=\"_blank\" rel=\"noreferrer noopener\"><img loading=\"lazy\" decoding=\"async\" width=\"600\" height=\"250\" class=\"wp-image-121\" style=\"width: 600px;\" src=\"http:\/\/www.rsmeuma2022.uma.es\/wp-content\/uploads\/2022\/02\/logoUMA.png\" alt=\"\" srcset=\"http:\/\/www.rsmeuma2022.uma.es\/wp-content\/uploads\/2022\/02\/logoUMA.png 348w, http:\/\/www.rsmeuma2022.uma.es\/wp-content\/uploads\/2022\/02\/logoUMA-300x125.png 300w\" sizes=\"auto, (max-width: 600px) 100vw, 600px\" \/><\/a><\/td><td class=\"has-text-align-center\" data-align=\"center\"><strong><a href=\"http:\/\/agt.cie.uma.es\/\" target=\"_blank\" rel=\"noreferrer noopener\">Departamento de \u00c1lgebra, Geometr\u00eda y Topolog\u00eda<\/a><br><a href=\"https:\/\/www.uma.es\/AMEIOMA\/\" target=\"_blank\" rel=\"noreferrer noopener\">Departamento de An\u00e1lisis Matem\u00e1tico, Estad\u00edstica e Investigaci\u00f3n Operativa y Matem\u00e1tica Aplicada<\/a><br><a href=\"https:\/\/www.uma.es\/matematica-aplicada\/\" target=\"_blank\" rel=\"noreferrer noopener\">Departamento de Matem\u00e1tica Aplicada<br><\/a>Proyecto PID2020-118452GB-I00<br>Proyecto PID2020-118753GB-I00<br>Universidad de M\u00e1laga<\/strong><\/td><\/tr><tr><td class=\"has-text-align-center\" data-align=\"center\"><a href=\"https:\/\/www.ciencia.gob.es\/\" target=\"_blank\" rel=\"noreferrer noopener\"><img loading=\"lazy\" decoding=\"async\" width=\"800\" height=\"237\" class=\"wp-image-122\" style=\"width: 800px;\" src=\"http:\/\/www.rsmeuma2022.uma.es\/wp-content\/uploads\/2022\/02\/logo-ministerio-ciencia.png\" alt=\"\" srcset=\"http:\/\/www.rsmeuma2022.uma.es\/wp-content\/uploads\/2022\/02\/logo-ministerio-ciencia.png 338w, http:\/\/www.rsmeuma2022.uma.es\/wp-content\/uploads\/2022\/02\/logo-ministerio-ciencia-300x89.png 300w\" sizes=\"auto, (max-width: 706px) 89vw, (max-width: 767px) 82vw, 740px\" \/><\/a><\/td><td class=\"has-text-align-center\" data-align=\"center\"><strong>Ministerio de Ciencia e Innovaci\u00f3n<br><br>Gobierno de Espa\u00f1a<\/strong><\/td><\/tr><tr><td class=\"has-text-align-center\" data-align=\"center\"><a href=\"https:\/\/www.juntadeandalucia.es\/organismos\/transformacioneconomicaindustriaconocimientoyuniversidades.html\" target=\"_blank\" rel=\"noreferrer noopener\"><img loading=\"lazy\" decoding=\"async\" width=\"600\" height=\"339\" class=\"wp-image-120\" style=\"width: 600px;\" src=\"http:\/\/www.rsmeuma2022.uma.es\/wp-content\/uploads\/2022\/02\/andalucia.png\" alt=\"\"><\/a><\/td><td class=\"has-text-align-center\" data-align=\"center\"><strong>Consejer\u00eda de Transformaci\u00f3n Econ\u00f3mica, Industria, Conocimiento y Universidades<br><br>Junta de Andaluc\u00eda<\/strong><\/td><\/tr><tr><td class=\"has-text-align-center\" data-align=\"center\"><a href=\"https:\/\/citic.udc.es\/\" target=\"_blank\" rel=\"noreferrer noopener\"><img loading=\"lazy\" decoding=\"async\" width=\"250\" height=\"177\" class=\"wp-image-322\" style=\"width: 250px;\" src=\"http:\/\/www.rsmeuma2022.uma.es\/wp-content\/uploads\/2022\/05\/LogoCitic_oficial_transparente.png\" alt=\"\" srcset=\"http:\/\/www.rsmeuma2022.uma.es\/wp-content\/uploads\/2022\/05\/LogoCitic_oficial_transparente.png 842w, http:\/\/www.rsmeuma2022.uma.es\/wp-content\/uploads\/2022\/05\/LogoCitic_oficial_transparente-300x212.png 300w, http:\/\/www.rsmeuma2022.uma.es\/wp-content\/uploads\/2022\/05\/LogoCitic_oficial_transparente-768x543.png 768w, http:\/\/www.rsmeuma2022.uma.es\/wp-content\/uploads\/2022\/05\/LogoCitic_oficial_transparente-350x247.png 350w\" sizes=\"auto, (max-width: 250px) 100vw, 250px\" \/><\/a><\/td><td class=\"has-text-align-center\" data-align=\"center\"><strong>Centro de Investigaci\u00f3n en Tecnolog\u00edas de la Informaci\u00f3n y las Comunicaciones<br><br>Universidade da Coru\u00f1a<\/strong><\/td><\/tr><\/tbody><\/table><\/figure>\n","protected":false},"excerpt":{"rendered":"<p>\u00daltimas noticias 15 de diciembre Autobuses de regreso 15 de diciembre Galer\u00eda de fotos 7 de diciembre Actividades sociales 4 de mayo Abierta la inscripci\u00f3n 3 de marzo Abierta la propuesta de sesiones especiales 7 de enero P\u00e1gina web del Encuentro Entre los d\u00edas 12 y 16 de diciembre de 2022 se celebrar\u00e1 el segundo &hellip; <\/p>\n<p class=\"link-more\"><a href=\"http:\/\/www.rsmeuma2022.uma.es\/\" class=\"more-link\">Continue reading<span class=\"screen-reader-text\"> &#8220;Principal&#8221;<\/span><\/a><\/p>\n","protected":false},"author":2,"featured_media":0,"parent":0,"menu_order":0,"comment_status":"closed","ping_status":"closed","template":"","meta":{"footnotes":""},"class_list":["post-6","page","type-page","status-publish","hentry"],"_links":{"self":[{"href":"http:\/\/www.rsmeuma2022.uma.es\/index.php\/wp-json\/wp\/v2\/pages\/6","targetHints":{"allow":["GET"]}}],"collection":[{"href":"http:\/\/www.rsmeuma2022.uma.es\/index.php\/wp-json\/wp\/v2\/pages"}],"about":[{"href":"http:\/\/www.rsmeuma2022.uma.es\/index.php\/wp-json\/wp\/v2\/types\/page"}],"author":[{"embeddable":true,"href":"http:\/\/www.rsmeuma2022.uma.es\/index.php\/wp-json\/wp\/v2\/users\/2"}],"replies":[{"embeddable":true,"href":"http:\/\/www.rsmeuma2022.uma.es\/index.php\/wp-json\/wp\/v2\/comments?post=6"}],"version-history":[{"count":23,"href":"http:\/\/www.rsmeuma2022.uma.es\/index.php\/wp-json\/wp\/v2\/pages\/6\/revisions"}],"predecessor-version":[{"id":543,"href":"http:\/\/www.rsmeuma2022.uma.es\/index.php\/wp-json\/wp\/v2\/pages\/6\/revisions\/543"}],"wp:attachment":[{"href":"http:\/\/www.rsmeuma2022.uma.es\/index.php\/wp-json\/wp\/v2\/media?parent=6"}],"curies":[{"name":"wp","href":"https:\/\/api.w.org\/{rel}","templated":true}]}}