{"id":338,"date":"2022-07-27T18:31:51","date_gmt":"2022-07-27T16:31:51","guid":{"rendered":"http:\/\/www.rsmeuma2022.uma.es\/?page_id=338"},"modified":"2022-12-07T12:50:43","modified_gmt":"2022-12-07T11:50:43","slug":"sesiones-especiales","status":"publish","type":"page","link":"http:\/\/www.rsmeuma2022.uma.es\/index.php\/sesiones-especiales\/","title":{"rendered":"Sesiones especiales"},"content":{"rendered":"\n<figure class=\"wp-block-table is-style-stripes\"><table><thead><tr><th>Acr\u00f3nimo<\/th><th>T\u00edtulo \/ Res\u00famenes<\/th><th>Organizadores<\/th><th>Sala<\/th><\/tr><\/thead><tbody><tr><td><\/td><td><\/td><td><\/td><td><\/td><\/tr><tr><td>AnCom<\/td><td><a href=\"http:\/\/www.rsmeuma2022.uma.es\/wp-content\/uploads\/2022\/12\/Horario_abstracts_sesion-AnCom.pdf\" target=\"_blank\" rel=\"noreferrer noopener\">An\u00e1lisis Complejo y Teor\u00eda de Operadores<\/a><\/td><td>Jorge A. Antezana,<br>Daniel Girela,<br>Noel Merch\u00e1n<\/td><td>VICTORIA2 (jueves 15)<br>GOYESCA (viernes 16)<\/td><\/tr><tr><td>Armon<\/td><td><a href=\"http:\/\/www.rsmeuma2022.uma.es\/wp-content\/uploads\/2022\/12\/Modelo_abstracts_AnalisisArmonico.pdf\" target=\"_blank\" rel=\"noreferrer noopener\">An\u00e1lisis Arm\u00f3nico y Teor\u00eda de operadores<\/a><\/td><td>Mar\u00eda J. Carro,<br>Sheldy Ombrosi<\/td><td>ALAMEDA (lunes 12)<br>VICTORIA1 (martes 13)<\/td><\/tr><tr><td>Biom<\/td><td><a href=\"http:\/\/www.rsmeuma2022.uma.es\/wp-content\/uploads\/2022\/12\/ronda_biom_session.pdf\" target=\"_blank\" rel=\"noreferrer noopener\">M\u00e9todos y modelos matem\u00e1ticos con aplicaci<\/a><a href=\"http:\/\/www.rsmeuma2022.uma.es\/wp-content\/uploads\/2022\/12\/ronda_biom_session.pdf\">ones biom\u00e9dicas<\/a><\/td><td>Maira Aguiar,<br>Dami\u00e1n Knopoff<\/td><td>VICTORIA1 (lunes 12)<br>ALAMEDA (martes 13)<\/td><\/tr><tr><td>CoGA<\/td><td><a href=\"http:\/\/www.rsmeuma2022.uma.es\/wp-content\/uploads\/2022\/12\/RSME_UMA_2___Computaci_n_y_Aplicaciones_en_Geometr_a_Algebraica.pdf\" target=\"_blank\" rel=\"noreferrer noopener\">Computaci\u00f3n y Aplicaciones en Geometr\u00eda Algebraica<\/a><\/td><td>Alicia Dickenstein,<br>Gabriela Jeronimo,<br>Beatriz Pascual-Escudero,<br>Josu\u00e9 Tonelli-Cueto<\/td><td>VICTORIA1<\/td><\/tr><tr><td>ComTG<\/td><td><a href=\"http:\/\/www.rsmeuma2022.uma.es\/wp-content\/uploads\/2022\/12\/Sesion_ComTG.pdf\" target=\"_blank\" rel=\"noreferrer noopener\">M\u00e9todos combinatorios y geom\u00e9tricos en teor\u00eda de grupos<\/a><\/td><td>Mart\u00edn Axel Blufstein,<br>Mar\u00eda Cumplido<\/td><td>VICTORIA1<\/td><\/tr><tr><td>Convx<\/td><td><a href=\"http:\/\/www.rsmeuma2022.uma.es\/wp-content\/uploads\/2022\/12\/Convx.pdf\" target=\"_blank\" rel=\"noreferrer noopener\">Convexity and L. Santal\u00f3<\/a><\/td><td>Antonio Ca\u00f1ete,<br>Daniel Galicer,<br>Bernardo Gonz\u00e1lez Merino,<br>Dami\u00e1n Pinasco<\/td><td>MAESTRANZA<\/td><\/tr><tr><td>ED-SD<\/td><td><a href=\"http:\/\/www.rsmeuma2022.uma.es\/wp-content\/uploads\/2022\/12\/Abstracts_EDSD.pdf\" target=\"_blank\" rel=\"noreferrer noopener\">Ecuaciones diferenciales y sistemas din\u00e1micos<\/a><\/td><td>Pablo Amster,<br>Jos\u00e9 Angel Cid,<br>Daniel Franco<\/td><td>MAESTRANZA<\/td><\/tr><tr><td>Finan<\/td><td><a href=\"http:\/\/www.rsmeuma2022.uma.es\/wp-content\/uploads\/2022\/12\/Modelo_abstracts_sesion_Finan.pdf\" target=\"_blank\" rel=\"noreferrer noopener\">M\u00e9todos matem\u00e1ticos y computacionales aplicados a las finanzas y la econom\u00eda<\/a><\/td><td>Manuel Maurette,<br>Carlos V\u00e1zquez<\/td><td>GOYESCA<\/td><\/tr><tr><td>GDiff<\/td><td><a href=\"http:\/\/www.rsmeuma2022.uma.es\/wp-content\/uploads\/2022\/12\/Modelo_abstracts_GeometriaDiferencialOK.pdf\" target=\"_blank\" rel=\"noreferrer noopener\">Geometr\u00eda diferencial<\/a><\/td><td>Luis Al\u00edas,<br>Jos\u00e9 Carlos D\u00edaz-Ramos,<br>Raquel Villacampa,<br>Adri\u00e1n Andrada,<br>Carlos Olmos,<br>Gabriela Ovando<\/td><td>ALAMEDA<\/td><\/tr><tr><td>GrTop<\/td><td><a href=\"http:\/\/www.rsmeuma2022.uma.es\/wp-content\/uploads\/2022\/12\/AbstractsGruposYTopologia.pdf\" target=\"_blank\" rel=\"noreferrer noopener\">Grupos y topolog\u00eda<\/a><\/td><td>Jos\u00e9 Cantarero,<br>Antonio Diaz,<br>Kevin Piterman<\/td><td>VICTORIA2<\/td><\/tr><tr><td>Hom<\/td><td><a href=\"http:\/\/www.rsmeuma2022.uma.es\/wp-content\/uploads\/2022\/12\/Modelo_abstracts_sesiones.pdf\" target=\"_blank\" rel=\"noreferrer noopener\">Homolog\u00eda y m\u00f3dulos sobre \u00e1lgebras y anillos no conmutativos<\/a><\/td><td>Manuel Cort\u00e9s Izurdiaga,<br>Hip\u00f3lito Treffinger<\/td><td>GOYESCA<\/td><\/tr><tr><td>Hopf<\/td><td><a href=\"http:\/\/www.rsmeuma2022.uma.es\/wp-content\/uploads\/2022\/12\/Hopf_abstracts_sesiones.pdf\" target=\"_blank\" rel=\"noreferrer noopener\">\u00c1lgebras de Hopf y categor\u00edas tensoriales<\/a><\/td><td>Sonia Natale,<br>Blas Torrecillas<\/td><td>ALAMEDA (jueves 15)<br>MAESTRANZA (viernes 16)<\/td><\/tr><tr><td>Mec<\/td><td><a href=\"http:\/\/www.rsmeuma2022.uma.es\/wp-content\/uploads\/2022\/12\/Modelo_abstracts_sesiones_Mec.pdf\" target=\"_blank\" rel=\"noreferrer noopener\">Mec\u00e1nica geom\u00e9trica continua y discreta<\/a><\/td><td>Mar\u00eda Barbero,<br>Sebasti\u00e1n Ferraro,<br>David Mart\u00edn<\/td><td>VICTORIA2<\/td><\/tr><tr><td>MMCo<\/td><td><a href=\"http:\/\/www.rsmeuma2022.uma.es\/wp-content\/uploads\/2022\/12\/Modelo_abstracts_sesiones_MMCo.pdf\" target=\"_blank\" rel=\"noreferrer noopener\">Modelos matem\u00e1ticos para la computaci\u00f3n<\/a><\/td><td>Manuel Ojeda-Aciego,<br>Ricardo O. Rodr\u00edguez,<br>Evangelina Santos<\/td><td>MAESTRANZA<\/td><\/tr><tr><td>TopApl<\/td><td><a href=\"http:\/\/www.rsmeuma2022.uma.es\/wp-content\/uploads\/2022\/12\/Ronda2022SesionTopAppyComb.pdf\" target=\"_blank\" rel=\"noreferrer noopener\">Topolog\u00eda Aplicada y Combinatoria<\/a><\/td><td>Gabriel Minian,<br>Jos\u00e9 Antonio Vilches<\/td><td>VICTORIA2<\/td><\/tr><tr><td>TR-FM<\/td><td><a href=\"http:\/\/www.rsmeuma2022.uma.es\/wp-content\/uploads\/2022\/12\/Modelo_abstracts_sesiones-1.pdf\" target=\"_blank\" rel=\"noreferrer noopener\">Teor\u00eda de representaciones y sus aplicaciones a f\u00edsica matem\u00e1tica<\/a><\/td><td>Jos\u00e9 Angel Gonz\u00e1lez,<br>Mart\u00edn Mereb<\/td><td>GOYESCA<\/td><\/tr><\/tbody><\/table><\/figure>\n\n\n\n<h2 class=\"wp-block-heading\"><strong>Salas<\/strong><\/h2>\n\n\n\n<figure class=\"wp-block-table is-style-stripes\"><table><tbody><tr><td>ALAMEDA<\/td><td>Hotel Catalonia Ronda<\/td><\/tr><tr><td>MAESTRANZA<\/td><td>Hotel Catalonia Ronda<\/td><\/tr><tr><td><\/td><td><\/td><\/tr><tr><td>VICTORIA1<\/td><td>Hotel Catalonia Reina Victoria<\/td><\/tr><tr><td>VICTORIA2<\/td><td>Hotel Catalonia Reina Victoria<\/td><\/tr><tr><td>GOYESCA<\/td><td>Hotel Catalonia Reina Victoria<\/td><\/tr><\/tbody><\/table><\/figure>\n\n\n\n<p><\/p>\n","protected":false},"excerpt":{"rendered":"<p>Acr\u00f3nimo T\u00edtulo \/ Res\u00famenes Organizadores Sala AnCom An\u00e1lisis Complejo y Teor\u00eda de Operadores Jorge A. Antezana,Daniel Girela,Noel Merch\u00e1n VICTORIA2 (jueves 15)GOYESCA (viernes 16) Armon An\u00e1lisis Arm\u00f3nico y Teor\u00eda de operadores Mar\u00eda J. Carro,Sheldy Ombrosi ALAMEDA (lunes 12)VICTORIA1 (martes 13) Biom M\u00e9todos y modelos matem\u00e1ticos con aplicaciones biom\u00e9dicas Maira Aguiar,Dami\u00e1n Knopoff VICTORIA1 (lunes 12)ALAMEDA (martes 13) &hellip; <\/p>\n<p class=\"link-more\"><a href=\"http:\/\/www.rsmeuma2022.uma.es\/index.php\/sesiones-especiales\/\" class=\"more-link\">Continue reading<span class=\"screen-reader-text\"> &#8220;Sesiones especiales&#8221;<\/span><\/a><\/p>\n","protected":false},"author":2,"featured_media":0,"parent":0,"menu_order":0,"comment_status":"closed","ping_status":"closed","template":"","meta":{"footnotes":""},"class_list":["post-338","page","type-page","status-publish","hentry"],"_links":{"self":[{"href":"http:\/\/www.rsmeuma2022.uma.es\/index.php\/wp-json\/wp\/v2\/pages\/338","targetHints":{"allow":["GET"]}}],"collection":[{"href":"http:\/\/www.rsmeuma2022.uma.es\/index.php\/wp-json\/wp\/v2\/pages"}],"about":[{"href":"http:\/\/www.rsmeuma2022.uma.es\/index.php\/wp-json\/wp\/v2\/types\/page"}],"author":[{"embeddable":true,"href":"http:\/\/www.rsmeuma2022.uma.es\/index.php\/wp-json\/wp\/v2\/users\/2"}],"replies":[{"embeddable":true,"href":"http:\/\/www.rsmeuma2022.uma.es\/index.php\/wp-json\/wp\/v2\/comments?post=338"}],"version-history":[{"count":18,"href":"http:\/\/www.rsmeuma2022.uma.es\/index.php\/wp-json\/wp\/v2\/pages\/338\/revisions"}],"predecessor-version":[{"id":489,"href":"http:\/\/www.rsmeuma2022.uma.es\/index.php\/wp-json\/wp\/v2\/pages\/338\/revisions\/489"}],"wp:attachment":[{"href":"http:\/\/www.rsmeuma2022.uma.es\/index.php\/wp-json\/wp\/v2\/media?parent=338"}],"curies":[{"name":"wp","href":"https:\/\/api.w.org\/{rel}","templated":true}]}}