{"id":257,"date":"2022-05-04T11:34:25","date_gmt":"2022-05-04T09:34:25","guid":{"rendered":"http:\/\/www.rsmeuma2022.uma.es\/?page_id=257"},"modified":"2022-12-15T16:14:42","modified_gmt":"2022-12-15T15:14:42","slug":"programa-general","status":"publish","type":"page","link":"http:\/\/www.rsmeuma2022.uma.es\/index.php\/programa-general\/","title":{"rendered":"Programa general"},"content":{"rendered":"\n<p>El registro, la apertura del congreso, as\u00ed como todas las conferencias plenarias, tendr\u00e1n lugar en el Hotel Reina Victoria, con la excepci\u00f3n de las actividades del mi\u00e9rcoles 14. Este d\u00eda el congreso se traslada al incomparable marco del <a rel=\"noreferrer noopener\" href=\"https:\/\/info.turismoderonda.es\/patrimonio-cultural\/convento-de-santo-domingo\/\" target=\"_blank\">Convento de Santo Domingo<\/a> en cuyo sal\u00f3n de acto se celebrar\u00e1n las dos conferencias plenarias programadas. Tambi\u00e9n en sus dependencias se desarrollar\u00e1 la sesi\u00f3n de <a href=\"http:\/\/www.rsmeuma2022.uma.es\/index.php\/posteres\/\">P\u00f3steres<\/a>. Este d\u00eda almorzaremos de tapas en el Hotel Catalonia Ronda.<\/p>\n\n\n\n<p>El Convento de Santo Domingo, espl\u00e9ndidamente situado al borde de la cornisa del Tajo,&nbsp; alberga actualmente el Palacio de Congresos de Ronda. Su construcci\u00f3n data del siglo XVI y fue sede del Tribunal de la Inquisici\u00f3n.<\/p>\n\n\n\n<p>Un <a href=\"https:\/\/www.google.com\/maps\/dir\/Hotel+Catalonia+Reina+Victoria+Wellness+%26+Spa,+C.+Jerez,+25,+29400+Ronda,+M%C3%A1laga\/Hotel+Catalonia+Ronda,+C.+Virgen+de+la+Paz,+16,+29400+Ronda,+M%C3%A1laga\/Convento+de+Santo+Domingo,+C.+Armi%C3%B1%C3%A1n,+1,+29400+Ronda,+M%C3%A1laga\/@36.7435884,-5.1695721,17z\/data=!3m1!4b1!4m20!4m19!1m5!1m1!1s0xd0d3137316271f5:0x63f8b155190b583c!2m2!1d-5.1693322!2d36.7468098!1m5!1m1!1s0xd0d3138ff9c5307:0x446071e5df7e5ea2!2m2!1d-5.1663609!2d36.7421943!1m5!1m1!1s0xd0d3138cbd68bc7:0x17a1571dbf07785e!2m2!1d-5.16536!2d36.74028!3e2\" target=\"_blank\" rel=\"noreferrer noopener\">corto pero bell\u00edsimo paseo<\/a> cruzando el Puente Nuevo sobre el Tajo, une los hoteles Reina Victoria (diez minutos) y Ronda (tres minutos) con el Convento de Santo Domingo.<\/p>\n\n\n\n<p>Ver acr\u00f3nimos, ubicaci\u00f3n y organizadores de sesiones especiales  (en amarillo) en la <a href=\"http:\/\/www.rsmeuma2022.uma.es\/index.php\/sesiones-especiales\/\">p\u00e1gina de sesiones especiales<\/a>.<\/p>\n\n\n\n<figure class=\"wp-block-image size-large\"><img loading=\"lazy\" decoding=\"async\" width=\"1024\" height=\"806\" src=\"http:\/\/www.rsmeuma2022.uma.es\/wp-content\/uploads\/2022\/12\/Horario-congreso-final_Pa\u0301gina_1-1024x806.png\" alt=\"\" class=\"wp-image-539\" srcset=\"http:\/\/www.rsmeuma2022.uma.es\/wp-content\/uploads\/2022\/12\/Horario-congreso-final_Pa\u0301gina_1-1024x806.png 1024w, http:\/\/www.rsmeuma2022.uma.es\/wp-content\/uploads\/2022\/12\/Horario-congreso-final_Pa\u0301gina_1-300x236.png 300w, http:\/\/www.rsmeuma2022.uma.es\/wp-content\/uploads\/2022\/12\/Horario-congreso-final_Pa\u0301gina_1-768x605.png 768w, http:\/\/www.rsmeuma2022.uma.es\/wp-content\/uploads\/2022\/12\/Horario-congreso-final_Pa\u0301gina_1.png 1320w\" sizes=\"auto, (max-width: 706px) 89vw, (max-width: 767px) 82vw, 740px\" \/><\/figure>\n","protected":false},"excerpt":{"rendered":"<p>El registro, la apertura del congreso, as\u00ed como todas las conferencias plenarias, tendr\u00e1n lugar en el Hotel Reina Victoria, con la excepci\u00f3n de las actividades del mi\u00e9rcoles 14. Este d\u00eda el congreso se traslada al incomparable marco del Convento de Santo Domingo en cuyo sal\u00f3n de acto se celebrar\u00e1n las dos conferencias plenarias programadas. Tambi\u00e9n &hellip; <\/p>\n<p class=\"link-more\"><a href=\"http:\/\/www.rsmeuma2022.uma.es\/index.php\/programa-general\/\" class=\"more-link\">Continue reading<span class=\"screen-reader-text\"> &#8220;Programa general&#8221;<\/span><\/a><\/p>\n","protected":false},"author":2,"featured_media":0,"parent":0,"menu_order":0,"comment_status":"closed","ping_status":"closed","template":"","meta":{"footnotes":""},"class_list":["post-257","page","type-page","status-publish","hentry"],"_links":{"self":[{"href":"http:\/\/www.rsmeuma2022.uma.es\/index.php\/wp-json\/wp\/v2\/pages\/257","targetHints":{"allow":["GET"]}}],"collection":[{"href":"http:\/\/www.rsmeuma2022.uma.es\/index.php\/wp-json\/wp\/v2\/pages"}],"about":[{"href":"http:\/\/www.rsmeuma2022.uma.es\/index.php\/wp-json\/wp\/v2\/types\/page"}],"author":[{"embeddable":true,"href":"http:\/\/www.rsmeuma2022.uma.es\/index.php\/wp-json\/wp\/v2\/users\/2"}],"replies":[{"embeddable":true,"href":"http:\/\/www.rsmeuma2022.uma.es\/index.php\/wp-json\/wp\/v2\/comments?post=257"}],"version-history":[{"count":29,"href":"http:\/\/www.rsmeuma2022.uma.es\/index.php\/wp-json\/wp\/v2\/pages\/257\/revisions"}],"predecessor-version":[{"id":540,"href":"http:\/\/www.rsmeuma2022.uma.es\/index.php\/wp-json\/wp\/v2\/pages\/257\/revisions\/540"}],"wp:attachment":[{"href":"http:\/\/www.rsmeuma2022.uma.es\/index.php\/wp-json\/wp\/v2\/media?parent=257"}],"curies":[{"name":"wp","href":"https:\/\/api.w.org\/{rel}","templated":true}]}}